{"id":429,"date":"2025-08-18T14:43:15","date_gmt":"2025-08-18T14:43:15","guid":{"rendered":"https:\/\/new.esama.swiss\/uber-uns-3\/"},"modified":"2025-10-27T14:55:10","modified_gmt":"2025-10-27T14:55:10","slug":"ueber-uns","status":"publish","type":"page","link":"https:\/\/esama.swiss\/de\/ueber-uns\/","title":{"rendered":"\u00dcber uns"},"content":{"rendered":"\t\t<div data-elementor-type=\"wp-page\" data-elementor-id=\"429\" class=\"elementor elementor-429\" data-elementor-post-type=\"page\">\n\t\t\t\t<div class=\"elementor-element elementor-element-667653eb e-flex e-con-boxed e-con e-parent\" data-id=\"667653eb\" data-element_type=\"container\">\n\t\t\t\t\t<div class=\"e-con-inner\">\n\t\t<div class=\"elementor-element elementor-element-2c1f0ea8 e-con-full e-flex e-con e-child\" data-id=\"2c1f0ea8\" data-element_type=\"container\">\n\t\t\t\t<div class=\"elementor-element elementor-element-72c02036 elementor-widget elementor-widget-heading\" data-id=\"72c02036\" data-element_type=\"widget\" data-widget_type=\"heading.default\">\n\t\t\t\t\t<h2 class=\"elementor-heading-title elementor-size-default\">esama steht f\u00fcr Liebe \u2013 <br>Liebe zur Qualit\u00e4t, zur Tradition und zu makelloser Sauberkeit. <\/h2>\t\t\t\t<\/div>\n\t\t\t\t<div class=\"elementor-element elementor-element-34542506 elementor-widget elementor-widget-text-editor\" data-id=\"34542506\" data-element_type=\"widget\" data-widget_type=\"text-editor.default\">\n\t\t\t\t\t\t\t\t\t<p data-start=\"213\" data-end=\"435\">In unserem Namen steckt ein Versprechen: \u201eama\u201c \u2013 vom lateinischen <em data-start=\"283\" data-end=\"290\">amare<\/em>, <em data-start=\"292\" data-end=\"300\">lieben<\/em>. Es ist diese Liebe, die seit den 1960er-Jahren das Herz von esama bildet: die Liebe zu Stoffen, zu Farben, zu Frische und Reinheit.<\/p><p data-start=\"437\" data-end=\"700\">In Stansstad begann unsere Geschichte. Dort wurde das Rezept geschaffen, das bis heute die Seele unserer Vorhang- und Gardinenpflege ist. \u00dcber Generationen weitergetragen, verbindet es Tradition mit Vertrauen \u2013 und macht esama zu mehr als nur einem Waschmittel.<\/p>\t\t\t\t\t\t\t\t<\/div>\n\t\t\t\t<div class=\"elementor-element elementor-element-50979563 elementor-hidden-desktop elementor-hidden-tablet elementor-hidden-mobile elementor-widget elementor-widget-gallery\" data-id=\"50979563\" data-element_type=\"widget\" data-settings=\"{&quot;gallery_layout&quot;:&quot;justified&quot;,&quot;ideal_row_height&quot;:{&quot;unit&quot;:&quot;px&quot;,&quot;size&quot;:&quot;400&quot;,&quot;sizes&quot;:[]},&quot;lazyload&quot;:&quot;yes&quot;,&quot;ideal_row_height_tablet&quot;:{&quot;unit&quot;:&quot;px&quot;,&quot;size&quot;:150,&quot;sizes&quot;:[]},&quot;ideal_row_height_mobile&quot;:{&quot;unit&quot;:&quot;px&quot;,&quot;size&quot;:150,&quot;sizes&quot;:[]},&quot;gap&quot;:{&quot;unit&quot;:&quot;px&quot;,&quot;size&quot;:10,&quot;sizes&quot;:[]},&quot;gap_tablet&quot;:{&quot;unit&quot;:&quot;px&quot;,&quot;size&quot;:10,&quot;sizes&quot;:[]},&quot;gap_mobile&quot;:{&quot;unit&quot;:&quot;px&quot;,&quot;size&quot;:10,&quot;sizes&quot;:[]},&quot;link_to&quot;:&quot;file&quot;,&quot;overlay_background&quot;:&quot;yes&quot;,&quot;content_hover_animation&quot;:&quot;fade-in&quot;}\" data-widget_type=\"gallery.default\">\n\t\t\t\t\t\t\t<div class=\"elementor-gallery__container\">\n\t\t\t\t\t\t\t<a class=\"e-gallery-item elementor-gallery-item elementor-animated-content\" href=\"https:\/\/esama.swiss\/wp-content\/uploads\/sites\/6\/2025\/08\/kik_alte-Werbung.jpg\" data-elementor-open-lightbox=\"yes\" data-elementor-lightbox-slideshow=\"50979563\" data-elementor-lightbox-title=\"kik_alte-Werbung.jpg\" data-e-action-hash=\"#elementor-action%3Aaction%3Dlightbox%26settings%3DeyJpZCI6MTM3LCJ1cmwiOiJodHRwczpcL1wvZXNhbWEuc3dpc3NcL3dwLWNvbnRlbnRcL3VwbG9hZHNcL3NpdGVzXC82XC8yMDI1XC8wOFwva2lrX2FsdGUtV2VyYnVuZy5qcGciLCJzbGlkZXNob3ciOiI1MDk3OTU2MyJ9\">\n\t\t\t\t\t<div class=\"e-gallery-image elementor-gallery-item__image\" data-thumbnail=\"https:\/\/esama.swiss\/wp-content\/uploads\/sites\/6\/2025\/08\/kik_alte-Werbung.jpg\" data-width=\"603\" data-height=\"818\" aria-label=\"\" role=\"img\" ><\/div>\n\t\t\t\t\t\t\t\t\t\t\t<div class=\"elementor-gallery-item__overlay\"><\/div>\n\t\t\t\t\t\t\t\t\t\t\t\t\t\t<\/a>\n\t\t\t\t\t\t\t<a class=\"e-gallery-item elementor-gallery-item elementor-animated-content\" href=\"https:\/\/esama.swiss\/wp-content\/uploads\/sites\/6\/2025\/08\/kik_vor-Rebranding.png\" data-elementor-open-lightbox=\"yes\" data-elementor-lightbox-slideshow=\"50979563\" data-elementor-lightbox-title=\"kik_vor-Rebranding.png\" data-e-action-hash=\"#elementor-action%3Aaction%3Dlightbox%26settings%3DeyJpZCI6MTM4LCJ1cmwiOiJodHRwczpcL1wvZXNhbWEuc3dpc3NcL3dwLWNvbnRlbnRcL3VwbG9hZHNcL3NpdGVzXC82XC8yMDI1XC8wOFwva2lrX3Zvci1SZWJyYW5kaW5nLnBuZyIsInNsaWRlc2hvdyI6IjUwOTc5NTYzIn0%3D\">\n\t\t\t\t\t<div class=\"e-gallery-image elementor-gallery-item__image\" data-thumbnail=\"https:\/\/esama.swiss\/wp-content\/uploads\/sites\/6\/2025\/08\/kik_vor-Rebranding.png\" data-width=\"1000\" data-height=\"1333\" aria-label=\"\" role=\"img\" ><\/div>\n\t\t\t\t\t\t\t\t\t\t\t<div class=\"elementor-gallery-item__overlay\"><\/div>\n\t\t\t\t\t\t\t\t\t\t\t\t\t\t<\/a>\n\t\t\t\t\t<\/div>\n\t\t\t\t\t<\/div>\n\t\t\t\t<\/div>\n\t\t\t\t\t<\/div>\n\t\t\t\t<\/div>\n\t\t<div data-dce-background-overlay-color=\"#3B0825\" data-dce-background-image-url=\"http:\/\/new.esama.swiss\/wp-content\/uploads\/sites\/6\/2025\/08\/esama-Vorhang-Wasschpflege-scaled.jpeg\" class=\"elementor-element elementor-element-20c45308 e-flex e-con-boxed e-con e-parent\" data-id=\"20c45308\" data-element_type=\"container\" data-settings=\"{&quot;background_background&quot;:&quot;classic&quot;}\">\n\t\t\t\t\t<div class=\"e-con-inner\">\n\t\t\t\t<div class=\"elementor-element elementor-element-16f71d57 elementor-widget elementor-widget-heading\" data-id=\"16f71d57\" data-element_type=\"widget\" data-widget_type=\"heading.default\">\n\t\t\t\t\t<p class=\"elementor-heading-title elementor-size-default\">Unser speziell entwickeltes esama wash ist mehr als ein gew\u00f6hnliches Waschmittel: Es wurde urspr\u00fcnglich f\u00fcr die sanfte Reinigung von Vorh\u00e4ngen konzipiert, eignet sich jedoch ebenso hervorragend als Ersatz f\u00fcr herk\u00f6mmliche Feinwaschmittel. Wer seinen Textilien etwas Gutes tun m\u00f6chte, vertraut auf esama.<\/p>\t\t\t\t<\/div>\n\t\t\t\t\t<\/div>\n\t\t\t\t<\/div>\n\t\t<div class=\"elementor-element elementor-element-7f968eeb e-flex e-con-boxed e-con e-parent\" data-id=\"7f968eeb\" data-element_type=\"container\">\n\t\t\t\t\t<div class=\"e-con-inner\">\n\t\t\t\t<div class=\"elementor-element elementor-element-32782f08 elementor-widget elementor-widget-heading\" data-id=\"32782f08\" data-element_type=\"widget\" data-widget_type=\"heading.default\">\n\t\t\t\t\t<h1 class=\"elementor-heading-title elementor-size-default\">50% recyceltes PET<\/h1>\t\t\t\t<\/div>\n\t\t\t\t<div class=\"elementor-element elementor-element-58fa2dbc elementor-widget elementor-widget-heading\" data-id=\"58fa2dbc\" data-element_type=\"widget\" data-widget_type=\"heading.default\">\n\t\t\t\t\t<h2 class=\"elementor-heading-title elementor-size-default\">Ein bewusster Schritt in Richtung einer nachhaltigeren Zukunft.\u00a0<\/h2>\t\t\t\t<\/div>\n\t\t\t\t<div class=\"elementor-element elementor-element-1ef9ddd3 elementor-widget elementor-widget-text-editor\" data-id=\"1ef9ddd3\" data-element_type=\"widget\" data-widget_type=\"text-editor.default\">\n\t\t\t\t\t\t\t\t\t<p style=\"font-weight: 400\">Unsere PET-Verpackungen bestehen zu 50% aus recyceltem Kunststoff. So reduzieren wir Plastikm\u00fcll und schonen die Rohstoffe, ohne Kompromisse bei der Produktqualit\u00e4t einzugehen.<\/p><p>Gemeinsam mit unseren Lieferanten arbeiten wir kontinuierlich daran, die Technologien und Lieferketten zu verbessern, um den Anteil an rezykliertem Material in Zukunft weiter zu erh\u00f6hen.<\/p>\t\t\t\t\t\t\t\t<\/div>\n\t\t\t\t<div class=\"elementor-element elementor-element-149cc046 e-transform dce_masking-none elementor-widget elementor-widget-image\" data-id=\"149cc046\" data-element_type=\"widget\" data-settings=\"{&quot;_transform_rotateZ_effect&quot;:{&quot;unit&quot;:&quot;px&quot;,&quot;size&quot;:&quot;20&quot;,&quot;sizes&quot;:[]},&quot;_transform_rotateZ_effect_tablet&quot;:{&quot;unit&quot;:&quot;deg&quot;,&quot;size&quot;:&quot;&quot;,&quot;sizes&quot;:[]},&quot;_transform_rotateZ_effect_mobile&quot;:{&quot;unit&quot;:&quot;deg&quot;,&quot;size&quot;:&quot;&quot;,&quot;sizes&quot;:[]}}\" data-widget_type=\"image.default\">\n\t\t\t\t\t\t\t\t\t\t\t\t\t\t\t<img fetchpriority=\"high\" decoding=\"async\" width=\"300\" height=\"300\" src=\"https:\/\/esama.swiss\/wp-content\/uploads\/sites\/6\/2025\/09\/pet-recycled-esama-300x300.png\" class=\"attachment-medium size-medium wp-image-2154\" alt=\"\" srcset=\"https:\/\/esama.swiss\/wp-content\/uploads\/sites\/6\/2025\/09\/pet-recycled-esama-300x300.png 300w, https:\/\/esama.swiss\/wp-content\/uploads\/sites\/6\/2025\/09\/pet-recycled-esama-1024x1024.png 1024w, https:\/\/esama.swiss\/wp-content\/uploads\/sites\/6\/2025\/09\/pet-recycled-esama-150x150.png 150w, https:\/\/esama.swiss\/wp-content\/uploads\/sites\/6\/2025\/09\/pet-recycled-esama-768x768.png 768w, https:\/\/esama.swiss\/wp-content\/uploads\/sites\/6\/2025\/09\/pet-recycled-esama-600x600.png 600w, https:\/\/esama.swiss\/wp-content\/uploads\/sites\/6\/2025\/09\/pet-recycled-esama-100x100.png 100w, https:\/\/esama.swiss\/wp-content\/uploads\/sites\/6\/2025\/09\/pet-recycled-esama-200x200.png 200w, https:\/\/esama.swiss\/wp-content\/uploads\/sites\/6\/2025\/09\/pet-recycled-esama.png 1080w\" sizes=\"(max-width: 300px) 100vw, 300px\" \/>\t\t\t\t\t\t\t\t\t\t\t\t\t\t\t<\/div>\n\t\t\t\t<div class=\"elementor-element elementor-element-5f9c4851 elementor-hidden-mobile elementor-widget elementor-widget-button\" data-id=\"5f9c4851\" data-element_type=\"widget\" data-widget_type=\"button.default\">\n\t\t\t\t\t\t\t\t\t\t<a class=\"elementor-button elementor-button-link elementor-size-sm\" href=\"https:\/\/esama.swiss\/de\/produkte\/\">\n\t\t\t\t\t\t<span class=\"elementor-button-content-wrapper\">\n\t\t\t\t\t\t\t\t\t<span class=\"elementor-button-text\">zur Produkt\u00fcbersicht<\/span>\n\t\t\t\t\t<\/span>\n\t\t\t\t\t<\/a>\n\t\t\t\t\t\t\t\t<\/div>\n\t\t\t\t\t<\/div>\n\t\t\t\t<\/div>\n\t\t<div data-dce-background-overlay-color=\"#000000\" data-dce-background-image-url=\"http:\/\/new.esama.swiss\/wp-content\/uploads\/sites\/6\/2025\/08\/Komp_Verantwortung.webp\" class=\"elementor-element elementor-element-1a49f14b e-flex e-con-boxed e-con e-parent\" data-id=\"1a49f14b\" data-element_type=\"container\" data-settings=\"{&quot;background_background&quot;:&quot;classic&quot;}\">\n\t\t\t\t\t<div class=\"e-con-inner\">\n\t\t\t\t<div data-dce-title-color=\"#FFFFFF\" class=\"elementor-element elementor-element-159c314a elementor-widget elementor-widget-heading\" data-id=\"159c314a\" data-element_type=\"widget\" data-widget_type=\"heading.default\">\n\t\t\t\t\t<h2 class=\"elementor-heading-title elementor-size-default\">Wir \u00fcbernehmen Verantwortung<\/h2>\t\t\t\t<\/div>\n\t\t\t\t<div class=\"elementor-element elementor-element-7a922f6 elementor-widget elementor-widget-heading\" data-id=\"7a922f6\" data-element_type=\"widget\" data-widget_type=\"heading.default\">\n\t\t\t\t\t<p class=\"elementor-heading-title elementor-size-default\">B\u00e4ume sind entscheidend f\u00fcr das Gleichgewicht unseres \u00d6kosystems. Sie produzieren Sauerstoff, speichern Kohlenstoff, bieten Lebensraum f\u00fcr Tiere und tragen zur Regulierung des Wasserkreislaufs bei. Wir sehen es als unsere Verantwortung, ihren Schutz zu unterst\u00fctzen. \n<\/p>\t\t\t\t<\/div>\n\t\t\t\t\t<\/div>\n\t\t\t\t<\/div>\n\t\t<div class=\"elementor-element elementor-element-6b7af06a e-flex e-con-boxed e-con e-parent\" data-id=\"6b7af06a\" data-element_type=\"container\">\n\t\t\t\t\t<div class=\"e-con-inner\">\n\t\t\t\t<div class=\"elementor-element elementor-element-b435a1a elementor-widget elementor-widget-heading\" data-id=\"b435a1a\" data-element_type=\"widget\" data-widget_type=\"heading.default\">\n\t\t\t\t\t<h1 class=\"elementor-heading-title elementor-size-default\">One Tree Planted<\/h1>\t\t\t\t<\/div>\n\t\t\t\t<div class=\"elementor-element elementor-element-42eb2291 elementor-widget elementor-widget-heading\" data-id=\"42eb2291\" data-element_type=\"widget\" data-widget_type=\"heading.default\">\n\t\t\t\t\t<h2 class=\"elementor-heading-title elementor-size-default\">Ein zentraler Bestandteil unserer Nachhaltigkeitsbem\u00fchungen ist unsere Partnerschaft mit der Organisation \u00abOne Tree Planted\u00bb.<\/h2>\t\t\t\t<\/div>\n\t\t\t\t<div class=\"elementor-element elementor-element-3c5d3d11 elementor-widget elementor-widget-text-editor\" data-id=\"3c5d3d11\" data-element_type=\"widget\" data-widget_type=\"text-editor.default\">\n\t\t\t\t\t\t\t\t\t<p>Als Teil dieser Zusammenarbeit investieren wir in Aufforstungsprojekte auf der ganzen Welt. One Tree Planted ist eine gemeinn\u00fctzige Organisation, die sich zum Ziel gesetzt hat, W\u00e4lder zu sch\u00fctzen, wiederherzustellen und zu pflegen. Sie tut dies, indem sie B\u00e4ume pflanzt, um gesch\u00e4digte \u00d6kosysteme wiederherzustellen, die biologische Vielfalt zu f\u00f6rdern und den Klimawandel zu bek\u00e4mpfen.<\/p>\t\t\t\t\t\t\t\t<\/div>\n\t\t\t\t<div class=\"elementor-element elementor-element-2409927 dce_masking-none elementor-widget elementor-widget-image\" data-id=\"2409927\" data-element_type=\"widget\" data-widget_type=\"image.default\">\n\t\t\t\t\t\t\t\t\t\t\t\t\t\t\t<img decoding=\"async\" width=\"800\" height=\"202\" src=\"https:\/\/esama.swiss\/wp-content\/uploads\/sites\/6\/2025\/08\/OneTreePlanted_Logo.png\" class=\"attachment-large size-large wp-image-104\" alt=\"\" srcset=\"https:\/\/esama.swiss\/wp-content\/uploads\/sites\/6\/2025\/08\/OneTreePlanted_Logo.png 828w, https:\/\/esama.swiss\/wp-content\/uploads\/sites\/6\/2025\/08\/OneTreePlanted_Logo-300x76.png 300w, https:\/\/esama.swiss\/wp-content\/uploads\/sites\/6\/2025\/08\/OneTreePlanted_Logo-768x194.png 768w, https:\/\/esama.swiss\/wp-content\/uploads\/sites\/6\/2025\/08\/OneTreePlanted_Logo-600x151.png 600w\" sizes=\"(max-width: 800px) 100vw, 800px\" \/>\t\t\t\t\t\t\t\t\t\t\t\t\t\t\t<\/div>\n\t\t\t\t<div class=\"elementor-element elementor-element-7a465c56 elementor-widget elementor-widget-gallery\" data-id=\"7a465c56\" data-element_type=\"widget\" data-settings=\"{&quot;lazyload&quot;:&quot;yes&quot;,&quot;gallery_layout&quot;:&quot;grid&quot;,&quot;columns&quot;:4,&quot;columns_tablet&quot;:2,&quot;columns_mobile&quot;:1,&quot;gap&quot;:{&quot;unit&quot;:&quot;px&quot;,&quot;size&quot;:10,&quot;sizes&quot;:[]},&quot;gap_tablet&quot;:{&quot;unit&quot;:&quot;px&quot;,&quot;size&quot;:10,&quot;sizes&quot;:[]},&quot;gap_mobile&quot;:{&quot;unit&quot;:&quot;px&quot;,&quot;size&quot;:10,&quot;sizes&quot;:[]},&quot;link_to&quot;:&quot;file&quot;,&quot;aspect_ratio&quot;:&quot;3:2&quot;,&quot;overlay_background&quot;:&quot;yes&quot;,&quot;content_hover_animation&quot;:&quot;fade-in&quot;}\" data-widget_type=\"gallery.default\">\n\t\t\t\t\t\t\t<div class=\"elementor-gallery__container\">\n\t\t\t\t\t\t\t<a class=\"e-gallery-item elementor-gallery-item elementor-animated-content\" href=\"https:\/\/esama.swiss\/wp-content\/uploads\/sites\/6\/2025\/08\/OneTreePlanted-3.jpg\" data-elementor-open-lightbox=\"yes\" data-elementor-lightbox-slideshow=\"7a465c56\" data-elementor-lightbox-title=\"OneTreePlanted-3.jpg\" data-e-action-hash=\"#elementor-action%3Aaction%3Dlightbox%26settings%3DeyJpZCI6MTA1LCJ1cmwiOiJodHRwczpcL1wvZXNhbWEuc3dpc3NcL3dwLWNvbnRlbnRcL3VwbG9hZHNcL3NpdGVzXC82XC8yMDI1XC8wOFwvT25lVHJlZVBsYW50ZWQtMy5qcGciLCJzbGlkZXNob3ciOiI3YTQ2NWM1NiJ9\">\n\t\t\t\t\t<div class=\"e-gallery-image elementor-gallery-item__image\" data-thumbnail=\"https:\/\/esama.swiss\/wp-content\/uploads\/sites\/6\/2025\/08\/OneTreePlanted-3-300x200.jpg\" data-width=\"300\" data-height=\"200\" aria-label=\"\" role=\"img\" ><\/div>\n\t\t\t\t\t\t\t\t\t\t\t<div class=\"elementor-gallery-item__overlay\"><\/div>\n\t\t\t\t\t\t\t\t\t\t\t\t\t\t<\/a>\n\t\t\t\t\t\t\t<a class=\"e-gallery-item elementor-gallery-item elementor-animated-content\" href=\"https:\/\/esama.swiss\/wp-content\/uploads\/sites\/6\/2025\/08\/OneTreePlanted-5.jpg\" data-elementor-open-lightbox=\"yes\" data-elementor-lightbox-slideshow=\"7a465c56\" data-elementor-lightbox-title=\"OneTreePlanted-5.jpg\" data-e-action-hash=\"#elementor-action%3Aaction%3Dlightbox%26settings%3DeyJpZCI6MTA2LCJ1cmwiOiJodHRwczpcL1wvZXNhbWEuc3dpc3NcL3dwLWNvbnRlbnRcL3VwbG9hZHNcL3NpdGVzXC82XC8yMDI1XC8wOFwvT25lVHJlZVBsYW50ZWQtNS5qcGciLCJzbGlkZXNob3ciOiI3YTQ2NWM1NiJ9\">\n\t\t\t\t\t<div class=\"e-gallery-image elementor-gallery-item__image\" data-thumbnail=\"https:\/\/esama.swiss\/wp-content\/uploads\/sites\/6\/2025\/08\/OneTreePlanted-5-300x200.jpg\" data-width=\"300\" data-height=\"200\" aria-label=\"\" role=\"img\" ><\/div>\n\t\t\t\t\t\t\t\t\t\t\t<div class=\"elementor-gallery-item__overlay\"><\/div>\n\t\t\t\t\t\t\t\t\t\t\t\t\t\t<\/a>\n\t\t\t\t\t\t\t<a class=\"e-gallery-item elementor-gallery-item elementor-animated-content\" href=\"https:\/\/esama.swiss\/wp-content\/uploads\/sites\/6\/2025\/08\/OneTreePlanted-2.jpg\" data-elementor-open-lightbox=\"yes\" data-elementor-lightbox-slideshow=\"7a465c56\" data-elementor-lightbox-title=\"OneTreePlanted-2.jpg\" data-e-action-hash=\"#elementor-action%3Aaction%3Dlightbox%26settings%3DeyJpZCI6MTA3LCJ1cmwiOiJodHRwczpcL1wvZXNhbWEuc3dpc3NcL3dwLWNvbnRlbnRcL3VwbG9hZHNcL3NpdGVzXC82XC8yMDI1XC8wOFwvT25lVHJlZVBsYW50ZWQtMi5qcGciLCJzbGlkZXNob3ciOiI3YTQ2NWM1NiJ9\">\n\t\t\t\t\t<div class=\"e-gallery-image elementor-gallery-item__image\" data-thumbnail=\"https:\/\/esama.swiss\/wp-content\/uploads\/sites\/6\/2025\/08\/OneTreePlanted-2-300x200.jpg\" data-width=\"300\" data-height=\"200\" aria-label=\"\" role=\"img\" ><\/div>\n\t\t\t\t\t\t\t\t\t\t\t<div class=\"elementor-gallery-item__overlay\"><\/div>\n\t\t\t\t\t\t\t\t\t\t\t\t\t\t<\/a>\n\t\t\t\t\t\t\t<a class=\"e-gallery-item elementor-gallery-item elementor-animated-content\" href=\"https:\/\/esama.swiss\/wp-content\/uploads\/sites\/6\/2025\/08\/OneTreePlanted-4.jpg\" data-elementor-open-lightbox=\"yes\" data-elementor-lightbox-slideshow=\"7a465c56\" data-elementor-lightbox-title=\"OneTreePlanted-4.jpg\" data-e-action-hash=\"#elementor-action%3Aaction%3Dlightbox%26settings%3DeyJpZCI6MTA4LCJ1cmwiOiJodHRwczpcL1wvZXNhbWEuc3dpc3NcL3dwLWNvbnRlbnRcL3VwbG9hZHNcL3NpdGVzXC82XC8yMDI1XC8wOFwvT25lVHJlZVBsYW50ZWQtNC5qcGciLCJzbGlkZXNob3ciOiI3YTQ2NWM1NiJ9\">\n\t\t\t\t\t<div class=\"e-gallery-image elementor-gallery-item__image\" data-thumbnail=\"https:\/\/esama.swiss\/wp-content\/uploads\/sites\/6\/2025\/08\/OneTreePlanted-4-300x169.jpg\" data-width=\"300\" data-height=\"169\" aria-label=\"\" role=\"img\" ><\/div>\n\t\t\t\t\t\t\t\t\t\t\t<div class=\"elementor-gallery-item__overlay\"><\/div>\n\t\t\t\t\t\t\t\t\t\t\t\t\t\t<\/a>\n\t\t\t\t\t<\/div>\n\t\t\t\t\t<\/div>\n\t\t\t\t\t<\/div>\n\t\t\t\t<\/div>\n\t\t\t\t<\/div>\n\t\t","protected":false},"excerpt":{"rendered":"<p>esama steht f\u00fcr Liebe \u2013 Liebe zur Qualit\u00e4t, zur Tradition und zu makelloser Sauberkeit. In unserem Namen steckt ein Versprechen: \u201eama\u201c \u2013 vom lateinischen amare, lieben. Es ist diese Liebe, die seit den 1960er-Jahren das Herz von esama bildet: die Liebe zu Stoffen, zu Farben, zu Frische und Reinheit. In Stansstad begann unsere Geschichte. Dort [&hellip;]<\/p>\n","protected":false},"author":1,"featured_media":0,"parent":0,"menu_order":0,"comment_status":"closed","ping_status":"closed","template":"elementor_header_footer","meta":{"_acf_changed":false,"inline_featured_image":false,"footnotes":""},"class_list":["post-429","page","type-page","status-publish","hentry"],"acf":[],"_links":{"self":[{"href":"https:\/\/esama.swiss\/de\/wp-json\/wp\/v2\/pages\/429","targetHints":{"allow":["GET"]}}],"collection":[{"href":"https:\/\/esama.swiss\/de\/wp-json\/wp\/v2\/pages"}],"about":[{"href":"https:\/\/esama.swiss\/de\/wp-json\/wp\/v2\/types\/page"}],"author":[{"embeddable":true,"href":"https:\/\/esama.swiss\/de\/wp-json\/wp\/v2\/users\/1"}],"replies":[{"embeddable":true,"href":"https:\/\/esama.swiss\/de\/wp-json\/wp\/v2\/comments?post=429"}],"version-history":[{"count":29,"href":"https:\/\/esama.swiss\/de\/wp-json\/wp\/v2\/pages\/429\/revisions"}],"predecessor-version":[{"id":6221,"href":"https:\/\/esama.swiss\/de\/wp-json\/wp\/v2\/pages\/429\/revisions\/6221"}],"wp:attachment":[{"href":"https:\/\/esama.swiss\/de\/wp-json\/wp\/v2\/media?parent=429"}],"curies":[{"name":"wp","href":"https:\/\/api.w.org\/{rel}","templated":true}]}}